{"id":45,"date":"2024-02-26T07:32:31","date_gmt":"2024-02-26T07:32:31","guid":{"rendered":"https:\/\/celeris-partners.com\/?page_id=45"},"modified":"2024-03-05T10:02:27","modified_gmt":"2024-03-05T10:02:27","slug":"booking","status":"publish","type":"page","link":"https:\/\/celeris-partners.com\/fr\/lines-of-business\/underwriting-and-broking\/booking\/","title":{"rendered":"Courtage"},"content":{"rendered":"<div data-elementor-type=\"wp-page\" data-elementor-id=\"45\" class=\"elementor elementor-45\">\n\t\t\t\t<div class=\"elementor-element elementor-element-1dca868 e-flex e-con-boxed e-con e-parent\" data-id=\"1dca868\" data-element_type=\"container\" data-e-type=\"container\" data-settings=\"{&quot;background_background&quot;:&quot;classic&quot;}\">\n\t\t\t\t\t<div class=\"e-con-inner\">\n\t\t<div class=\"elementor-element elementor-element-3611064 e-flex e-con-boxed e-con e-child\" data-id=\"3611064\" data-element_type=\"container\" data-e-type=\"container\">\n\t\t\t\t\t<div class=\"e-con-inner\">\n\t\t\t\t\t<\/div>\n\t\t\t\t<\/div>\n\t\t\t\t\t<\/div>\n\t\t\t\t<\/div>\n\t\t<div class=\"elementor-element elementor-element-176bdf9 e-flex e-con-boxed e-con e-parent\" data-id=\"176bdf9\" data-element_type=\"container\" data-e-type=\"container\">\n\t\t\t\t\t<div class=\"e-con-inner\">\n\t\t<div class=\"elementor-element elementor-element-b5943df e-flex e-con-boxed e-con e-child\" data-id=\"b5943df\" data-element_type=\"container\" data-e-type=\"container\">\n\t\t\t\t\t<div class=\"e-con-inner\">\n\t\t\t\t<div class=\"elementor-element elementor-element-a785560 elementor-widget elementor-widget-heading\" data-id=\"a785560\" data-element_type=\"widget\" data-e-type=\"widget\" data-widget_type=\"heading.default\">\n\t\t\t\t<div class=\"elementor-widget-container\">\n\t\t\t\t\t<h2 class=\"elementor-heading-title elementor-size-default\">NOTRE ACTIVIT\u00c9<\/h2>\t\t\t\t<\/div>\n\t\t\t\t<\/div>\n\t\t\t\t<div class=\"elementor-element elementor-element-e4ca8de elementor-widget elementor-widget-heading\" data-id=\"e4ca8de\" data-element_type=\"widget\" data-e-type=\"widget\" data-widget_type=\"heading.default\">\n\t\t\t\t<div class=\"elementor-widget-container\">\n\t\t\t\t\t<h2 class=\"elementor-heading-title elementor-size-default\">Courtage<\/h2>\t\t\t\t<\/div>\n\t\t\t\t<\/div>\n\t\t\t\t<div class=\"elementor-element elementor-element-919a7fa elementor-widget-divider--view-line elementor-widget elementor-widget-divider\" data-id=\"919a7fa\" data-element_type=\"widget\" data-e-type=\"widget\" data-widget_type=\"divider.default\">\n\t\t\t\t<div class=\"elementor-widget-container\">\n\t\t\t\t\t\t\t<div class=\"elementor-divider\">\n\t\t\t<span class=\"elementor-divider-separator\">\n\t\t\t\t\t\t<\/span>\n\t\t<\/div>\n\t\t\t\t\t\t<\/div>\n\t\t\t\t<\/div>\n\t\t\t\t\t<\/div>\n\t\t\t\t<\/div>\n\t\t<div class=\"elementor-element elementor-element-1f011cd e-flex e-con-boxed e-con e-child\" data-id=\"1f011cd\" data-element_type=\"container\" data-e-type=\"container\">\n\t\t\t\t\t<div class=\"e-con-inner\">\n\t\t\t\t<div class=\"elementor-element elementor-element-d36ed8b elementor-widget elementor-widget-text-editor\" data-id=\"d36ed8b\" data-element_type=\"widget\" data-e-type=\"widget\" data-widget_type=\"text-editor.default\">\n\t\t\t\t<div class=\"elementor-widget-container\">\n\t\t\t\t\t\t\t\t\t<p class=\"translation-block\">Avec la multiplication de l\u2019offre, la tarification est une clef permettant de se d\u00e9marquer, elle s\u2019appuie sur la bonne compr\u00e9hension des besoins des clients et permet aux Courtiers d\u2019apporter une r\u00e9ponse cibl\u00e9e.<br>\nNous travaillons avec des professionnels ayant la facult\u00e9 d\u2019identifier rapidement de nouveaux march\u00e9s, des sp\u00e9cialistes du Courtage qui proposeront \u00e0 leurs clients les meilleures solutions.<\/p>\t\t\t\t\t\t\t\t<\/div>\n\t\t\t\t<\/div>\n\t\t\t\t\t<\/div>\n\t\t\t\t<\/div>\n\t\t\t\t\t<\/div>\n\t\t\t\t<\/div>\n\t\t\t\t<\/div>","protected":false},"excerpt":{"rendered":"<p>LINES OF BUSINESS Broking In an environment rife with competition pricing is key but a comprehensive understanding of the clients\u2019 needs will give the upper hand to Brokers.We work with Brokers who will bring the best products to their clients and have the ability to identify new markets.<\/p>","protected":false},"author":1,"featured_media":0,"parent":40,"menu_order":0,"comment_status":"closed","ping_status":"closed","template":"elementor_header_footer","meta":{"footnotes":""},"class_list":["post-45","page","type-page","status-publish","hentry"],"_links":{"self":[{"href":"https:\/\/celeris-partners.com\/fr\/wp-json\/wp\/v2\/pages\/45","targetHints":{"allow":["GET"]}}],"collection":[{"href":"https:\/\/celeris-partners.com\/fr\/wp-json\/wp\/v2\/pages"}],"about":[{"href":"https:\/\/celeris-partners.com\/fr\/wp-json\/wp\/v2\/types\/page"}],"author":[{"embeddable":true,"href":"https:\/\/celeris-partners.com\/fr\/wp-json\/wp\/v2\/users\/1"}],"replies":[{"embeddable":true,"href":"https:\/\/celeris-partners.com\/fr\/wp-json\/wp\/v2\/comments?post=45"}],"version-history":[{"count":11,"href":"https:\/\/celeris-partners.com\/fr\/wp-json\/wp\/v2\/pages\/45\/revisions"}],"predecessor-version":[{"id":1111,"href":"https:\/\/celeris-partners.com\/fr\/wp-json\/wp\/v2\/pages\/45\/revisions\/1111"}],"up":[{"embeddable":true,"href":"https:\/\/celeris-partners.com\/fr\/wp-json\/wp\/v2\/pages\/40"}],"wp:attachment":[{"href":"https:\/\/celeris-partners.com\/fr\/wp-json\/wp\/v2\/media?parent=45"}],"curies":[{"name":"wp","href":"https:\/\/api.w.org\/{rel}","templated":true}]}}