{"id":41,"date":"2024-02-26T07:32:01","date_gmt":"2024-02-26T07:32:01","guid":{"rendered":"https:\/\/celeris-partners.com\/?page_id=41"},"modified":"2024-03-05T10:02:21","modified_gmt":"2024-03-05T10:02:21","slug":"underwriting","status":"publish","type":"page","link":"https:\/\/celeris-partners.com\/fr\/lines-of-business\/underwriting-and-broking\/underwriting\/","title":{"rendered":"Souscription"},"content":{"rendered":"<div data-elementor-type=\"wp-page\" data-elementor-id=\"41\" class=\"elementor elementor-41\">\n\t\t\t\t<div class=\"elementor-element elementor-element-a697841 e-flex e-con-boxed e-con e-parent\" data-id=\"a697841\" data-element_type=\"container\" data-e-type=\"container\" data-settings=\"{&quot;background_background&quot;:&quot;classic&quot;}\">\n\t\t\t\t\t<div class=\"e-con-inner\">\n\t\t<div class=\"elementor-element elementor-element-7b76de4 e-flex e-con-boxed e-con e-child\" data-id=\"7b76de4\" data-element_type=\"container\" data-e-type=\"container\">\n\t\t\t\t\t<div class=\"e-con-inner\">\n\t\t\t\t\t<\/div>\n\t\t\t\t<\/div>\n\t\t\t\t\t<\/div>\n\t\t\t\t<\/div>\n\t\t<div class=\"elementor-element elementor-element-3053089 e-flex e-con-boxed e-con e-parent\" data-id=\"3053089\" data-element_type=\"container\" data-e-type=\"container\">\n\t\t\t\t\t<div class=\"e-con-inner\">\n\t\t<div class=\"elementor-element elementor-element-3424556 e-flex e-con-boxed e-con e-child\" data-id=\"3424556\" data-element_type=\"container\" data-e-type=\"container\">\n\t\t\t\t\t<div class=\"e-con-inner\">\n\t\t\t\t<div class=\"elementor-element elementor-element-006fc80 elementor-widget elementor-widget-heading\" data-id=\"006fc80\" data-element_type=\"widget\" data-e-type=\"widget\" data-widget_type=\"heading.default\">\n\t\t\t\t<div class=\"elementor-widget-container\">\n\t\t\t\t\t<h2 class=\"elementor-heading-title elementor-size-default\">NOTRE ACTIVIT\u00c9<\/h2>\t\t\t\t<\/div>\n\t\t\t\t<\/div>\n\t\t\t\t<div class=\"elementor-element elementor-element-1574ec4 elementor-widget elementor-widget-heading\" data-id=\"1574ec4\" data-element_type=\"widget\" data-e-type=\"widget\" data-widget_type=\"heading.default\">\n\t\t\t\t<div class=\"elementor-widget-container\">\n\t\t\t\t\t<h2 class=\"elementor-heading-title elementor-size-default\">Souscription<\/h2>\t\t\t\t<\/div>\n\t\t\t\t<\/div>\n\t\t\t\t<div class=\"elementor-element elementor-element-83ad3f2 elementor-widget-divider--view-line elementor-widget elementor-widget-divider\" data-id=\"83ad3f2\" data-element_type=\"widget\" data-e-type=\"widget\" data-widget_type=\"divider.default\">\n\t\t\t\t<div class=\"elementor-widget-container\">\n\t\t\t\t\t\t\t<div class=\"elementor-divider\">\n\t\t\t<span class=\"elementor-divider-separator\">\n\t\t\t\t\t\t<\/span>\n\t\t<\/div>\n\t\t\t\t\t\t<\/div>\n\t\t\t\t<\/div>\n\t\t\t\t\t<\/div>\n\t\t\t\t<\/div>\n\t\t<div class=\"elementor-element elementor-element-66468de e-flex e-con-boxed e-con e-child\" data-id=\"66468de\" data-element_type=\"container\" data-e-type=\"container\">\n\t\t\t\t\t<div class=\"e-con-inner\">\n\t\t\t\t<div class=\"elementor-element elementor-element-396f9db elementor-widget elementor-widget-text-editor\" data-id=\"396f9db\" data-element_type=\"widget\" data-e-type=\"widget\" data-widget_type=\"text-editor.default\">\n\t\t\t\t<div class=\"elementor-widget-container\">\n\t\t\t\t\t\t\t\t\t<p class=\"translation-block\">La demande de Souscripteurs provient g\u00e9n\u00e9ralement des secteurs de l\u2019Assurance, de la Banque d\u2019Investissement et de la Banque Commerciale.\nLes Souscripteurs interpr\u00e8tent et appliquent les nouvelles r\u00e9gulations.<p>\n\nQue ce soit pour couvrir des risques li\u00e9s \u00e0 la vente de titres, assurer un risque ou \u00e9valuer un risque de cr\u00e9dit, les Souscripteurs mettent \u00e0 profit leur expertise pour identifier les nouveaux risques.<\/p>\t\t\t\t\t\t\t\t<\/div>\n\t\t\t\t<\/div>\n\t\t\t\t\t<\/div>\n\t\t\t\t<\/div>\n\t\t\t\t\t<\/div>\n\t\t\t\t<\/div>\n\t\t\t\t<\/div>","protected":false},"excerpt":{"rendered":"<p>LINES OF BUSINESS Underwriting Demand for underwriters usually come from the Insurance, the Investment banking and the Commercial Banking sectors.Whether covering the risk of selling securities, insuring a risk or assessing a credit risk, underwriters use their accumulated expertise to identify new risks.Underwriters\u00a0read into new regulations and translate them into workable principles.<\/p>","protected":false},"author":1,"featured_media":0,"parent":40,"menu_order":0,"comment_status":"closed","ping_status":"closed","template":"elementor_header_footer","meta":{"footnotes":""},"class_list":["post-41","page","type-page","status-publish","hentry"],"_links":{"self":[{"href":"https:\/\/celeris-partners.com\/fr\/wp-json\/wp\/v2\/pages\/41","targetHints":{"allow":["GET"]}}],"collection":[{"href":"https:\/\/celeris-partners.com\/fr\/wp-json\/wp\/v2\/pages"}],"about":[{"href":"https:\/\/celeris-partners.com\/fr\/wp-json\/wp\/v2\/types\/page"}],"author":[{"embeddable":true,"href":"https:\/\/celeris-partners.com\/fr\/wp-json\/wp\/v2\/users\/1"}],"replies":[{"embeddable":true,"href":"https:\/\/celeris-partners.com\/fr\/wp-json\/wp\/v2\/comments?post=41"}],"version-history":[{"count":10,"href":"https:\/\/celeris-partners.com\/fr\/wp-json\/wp\/v2\/pages\/41\/revisions"}],"predecessor-version":[{"id":1108,"href":"https:\/\/celeris-partners.com\/fr\/wp-json\/wp\/v2\/pages\/41\/revisions\/1108"}],"up":[{"embeddable":true,"href":"https:\/\/celeris-partners.com\/fr\/wp-json\/wp\/v2\/pages\/40"}],"wp:attachment":[{"href":"https:\/\/celeris-partners.com\/fr\/wp-json\/wp\/v2\/media?parent=41"}],"curies":[{"name":"wp","href":"https:\/\/api.w.org\/{rel}","templated":true}]}}