{"id":37,"date":"2024-02-26T07:29:36","date_gmt":"2024-02-26T07:29:36","guid":{"rendered":"https:\/\/celeris-partners.com\/?page_id=37"},"modified":"2024-03-05T10:01:20","modified_gmt":"2024-03-05T10:01:20","slug":"compliance","status":"publish","type":"page","link":"https:\/\/celeris-partners.com\/fr\/lines-of-business\/audit-compliance-and-risk-solutions\/compliance\/","title":{"rendered":"Conformit\u00e9"},"content":{"rendered":"<div data-elementor-type=\"wp-page\" data-elementor-id=\"37\" class=\"elementor elementor-37\">\n\t\t\t\t<div class=\"elementor-element elementor-element-96a4f93 e-flex e-con-boxed e-con e-parent\" data-id=\"96a4f93\" data-element_type=\"container\" data-e-type=\"container\" data-settings=\"{&quot;background_background&quot;:&quot;classic&quot;}\">\n\t\t\t\t\t<div class=\"e-con-inner\">\n\t\t<div class=\"elementor-element elementor-element-600e6a9 e-flex e-con-boxed e-con e-child\" data-id=\"600e6a9\" data-element_type=\"container\" data-e-type=\"container\">\n\t\t\t\t\t<div class=\"e-con-inner\">\n\t\t\t\t\t<\/div>\n\t\t\t\t<\/div>\n\t\t\t\t\t<\/div>\n\t\t\t\t<\/div>\n\t\t<div class=\"elementor-element elementor-element-ac85892 e-flex e-con-boxed e-con e-parent\" data-id=\"ac85892\" data-element_type=\"container\" data-e-type=\"container\">\n\t\t\t\t\t<div class=\"e-con-inner\">\n\t\t<div class=\"elementor-element elementor-element-794bfd9 e-flex e-con-boxed e-con e-child\" data-id=\"794bfd9\" data-element_type=\"container\" data-e-type=\"container\">\n\t\t\t\t\t<div class=\"e-con-inner\">\n\t\t\t\t<div class=\"elementor-element elementor-element-1f9b8f9 elementor-widget elementor-widget-heading\" data-id=\"1f9b8f9\" data-element_type=\"widget\" data-e-type=\"widget\" data-widget_type=\"heading.default\">\n\t\t\t\t<div class=\"elementor-widget-container\">\n\t\t\t\t\t<h2 class=\"elementor-heading-title elementor-size-default\">NOTRE ACTIVIT\u00c9<\/h2>\t\t\t\t<\/div>\n\t\t\t\t<\/div>\n\t\t\t\t<div class=\"elementor-element elementor-element-4a55245 elementor-widget elementor-widget-heading\" data-id=\"4a55245\" data-element_type=\"widget\" data-e-type=\"widget\" data-widget_type=\"heading.default\">\n\t\t\t\t<div class=\"elementor-widget-container\">\n\t\t\t\t\t<h2 class=\"elementor-heading-title elementor-size-default\">Conformit\u00e9<\/h2>\t\t\t\t<\/div>\n\t\t\t\t<\/div>\n\t\t\t\t<div class=\"elementor-element elementor-element-f5939f4 elementor-widget-divider--view-line elementor-widget elementor-widget-divider\" data-id=\"f5939f4\" data-element_type=\"widget\" data-e-type=\"widget\" data-widget_type=\"divider.default\">\n\t\t\t\t<div class=\"elementor-widget-container\">\n\t\t\t\t\t\t\t<div class=\"elementor-divider\">\n\t\t\t<span class=\"elementor-divider-separator\">\n\t\t\t\t\t\t<\/span>\n\t\t<\/div>\n\t\t\t\t\t\t<\/div>\n\t\t\t\t<\/div>\n\t\t\t\t\t<\/div>\n\t\t\t\t<\/div>\n\t\t<div class=\"elementor-element elementor-element-7e6d1d8 e-flex e-con-boxed e-con e-child\" data-id=\"7e6d1d8\" data-element_type=\"container\" data-e-type=\"container\">\n\t\t\t\t\t<div class=\"e-con-inner\">\n\t\t\t\t<div class=\"elementor-element elementor-element-3efdcb6 elementor-widget elementor-widget-text-editor\" data-id=\"3efdcb6\" data-element_type=\"widget\" data-e-type=\"widget\" data-widget_type=\"text-editor.default\">\n\t\t\t\t<div class=\"elementor-widget-container\">\n\t\t\t\t\t\t\t\t\t<p class=\"translation-block\">Dans un environnement r\u00e9gulatoire de plus en plus exigent, la Conformit\u00e9 demeure essentielle.<br>\nLe changement dans la typologie des talents recherch\u00e9s t\u00e9moigne d\u2019un \u00e9largissement du p\u00e9rim\u00e8tre traditionnel de la bancassurance et de la gestion d\u2019actifs incluant \u00e0 pr\u00e9sent de nouvelles comp\u00e9tences telles que l\u2019administration et le management. Cette \u00e9volution explique la nette hausse des opportunit\u00e9s en Conformit\u00e9.<p>\n\nLes op\u00e9rationnels ont la responsabilit\u00e9, dans le cadre du GRC (Gouvernance, Risques et Conformit\u00e9), de cr\u00e9er, g\u00e9rer et contr\u00f4ler l\u2019efficacit\u00e9, la rentabilit\u00e9 et la r\u00e9activit\u00e9 de leurs programmes tout en tenant compte de la Strat\u00e9gie, des Processus, de la Technologie et du Capital Humain.<\/p>\t\t\t\t\t\t\t\t<\/div>\n\t\t\t\t<\/div>\n\t\t\t\t\t<\/div>\n\t\t\t\t<\/div>\n\t\t\t\t\t<\/div>\n\t\t\t\t<\/div>\n\t\t\t\t<\/div>","protected":false},"excerpt":{"rendered":"<p>LINES OF BUSINESS Compliance In a more stringent regulatory environment, compliance remains a requisite. The net increase of compliance and chief compliance officer positions extends well beyond the traditional scope of Finance, Banking and Asset Management.Change in talent requirements, with an identified need for leadership and management means that the demand exceeds the supply.Officers have the responsibility within the GRC (Group Risk Compliance) framework to design, manage and control the effectiveness, efficiency and responsiveness of their program, hence encompassing the &hellip; <a href=\"https:\/\/celeris-partners.com\/fr\/lines-of-business\/audit-compliance-and-risk-solutions\/compliance\/\" class=\"more-link\">Continue reading<span class=\"screen-reader-text\"> &#8220;Compliance&#8221;<\/span><\/a><\/p>","protected":false},"author":1,"featured_media":0,"parent":31,"menu_order":0,"comment_status":"closed","ping_status":"closed","template":"elementor_header_footer","meta":{"footnotes":""},"class_list":["post-37","page","type-page","status-publish","hentry"],"_links":{"self":[{"href":"https:\/\/celeris-partners.com\/fr\/wp-json\/wp\/v2\/pages\/37","targetHints":{"allow":["GET"]}}],"collection":[{"href":"https:\/\/celeris-partners.com\/fr\/wp-json\/wp\/v2\/pages"}],"about":[{"href":"https:\/\/celeris-partners.com\/fr\/wp-json\/wp\/v2\/types\/page"}],"author":[{"embeddable":true,"href":"https:\/\/celeris-partners.com\/fr\/wp-json\/wp\/v2\/users\/1"}],"replies":[{"embeddable":true,"href":"https:\/\/celeris-partners.com\/fr\/wp-json\/wp\/v2\/comments?post=37"}],"version-history":[{"count":13,"href":"https:\/\/celeris-partners.com\/fr\/wp-json\/wp\/v2\/pages\/37\/revisions"}],"predecessor-version":[{"id":1105,"href":"https:\/\/celeris-partners.com\/fr\/wp-json\/wp\/v2\/pages\/37\/revisions\/1105"}],"up":[{"embeddable":true,"href":"https:\/\/celeris-partners.com\/fr\/wp-json\/wp\/v2\/pages\/31"}],"wp:attachment":[{"href":"https:\/\/celeris-partners.com\/fr\/wp-json\/wp\/v2\/media?parent=37"}],"curies":[{"name":"wp","href":"https:\/\/api.w.org\/{rel}","templated":true}]}}