{"id":35,"date":"2024-02-26T07:29:02","date_gmt":"2024-02-26T07:29:02","guid":{"rendered":"https:\/\/celeris-partners.com\/?page_id=35"},"modified":"2024-03-06T10:12:07","modified_gmt":"2024-03-06T10:12:07","slug":"auditing","status":"publish","type":"page","link":"https:\/\/celeris-partners.com\/fr\/lines-of-business\/audit-compliance-and-risk-solutions\/auditing\/","title":{"rendered":"Audit"},"content":{"rendered":"<div data-elementor-type=\"wp-page\" data-elementor-id=\"35\" class=\"elementor elementor-35\">\n\t\t\t\t<div class=\"elementor-element elementor-element-67f5053 e-flex e-con-boxed e-con e-parent\" data-id=\"67f5053\" data-element_type=\"container\" data-e-type=\"container\" data-settings=\"{&quot;background_background&quot;:&quot;classic&quot;}\">\n\t\t\t\t\t<div class=\"e-con-inner\">\n\t\t<div class=\"elementor-element elementor-element-5333a92 e-flex e-con-boxed e-con e-child\" data-id=\"5333a92\" data-element_type=\"container\" data-e-type=\"container\">\n\t\t\t\t\t<div class=\"e-con-inner\">\n\t\t\t\t\t<\/div>\n\t\t\t\t<\/div>\n\t\t\t\t\t<\/div>\n\t\t\t\t<\/div>\n\t\t<div class=\"elementor-element elementor-element-00426b6 e-flex e-con-boxed e-con e-parent\" data-id=\"00426b6\" data-element_type=\"container\" data-e-type=\"container\">\n\t\t\t\t\t<div class=\"e-con-inner\">\n\t\t<div class=\"elementor-element elementor-element-bfedaf0 e-flex e-con-boxed e-con e-child\" data-id=\"bfedaf0\" data-element_type=\"container\" data-e-type=\"container\">\n\t\t\t\t\t<div class=\"e-con-inner\">\n\t\t\t\t<div class=\"elementor-element elementor-element-f0d29ce elementor-widget elementor-widget-heading\" data-id=\"f0d29ce\" data-element_type=\"widget\" data-e-type=\"widget\" data-widget_type=\"heading.default\">\n\t\t\t\t<div class=\"elementor-widget-container\">\n\t\t\t\t\t<h2 class=\"elementor-heading-title elementor-size-default\">NOTRE ACTIVIT\u00c9<\/h2>\t\t\t\t<\/div>\n\t\t\t\t<\/div>\n\t\t\t\t<div class=\"elementor-element elementor-element-cfd4bf0 elementor-widget elementor-widget-heading\" data-id=\"cfd4bf0\" data-element_type=\"widget\" data-e-type=\"widget\" data-widget_type=\"heading.default\">\n\t\t\t\t<div class=\"elementor-widget-container\">\n\t\t\t\t\t<h2 class=\"elementor-heading-title elementor-size-default\">Audit<\/h2>\t\t\t\t<\/div>\n\t\t\t\t<\/div>\n\t\t\t\t<div class=\"elementor-element elementor-element-ff66938 elementor-widget-divider--view-line elementor-widget elementor-widget-divider\" data-id=\"ff66938\" data-element_type=\"widget\" data-e-type=\"widget\" data-widget_type=\"divider.default\">\n\t\t\t\t<div class=\"elementor-widget-container\">\n\t\t\t\t\t\t\t<div class=\"elementor-divider\">\n\t\t\t<span class=\"elementor-divider-separator\">\n\t\t\t\t\t\t<\/span>\n\t\t<\/div>\n\t\t\t\t\t\t<\/div>\n\t\t\t\t<\/div>\n\t\t\t\t\t<\/div>\n\t\t\t\t<\/div>\n\t\t<div class=\"elementor-element elementor-element-cd4103f e-flex e-con-boxed e-con e-child\" data-id=\"cd4103f\" data-element_type=\"container\" data-e-type=\"container\">\n\t\t\t\t\t<div class=\"e-con-inner\">\n\t\t\t\t<div class=\"elementor-element elementor-element-d68a6fa elementor-widget elementor-widget-text-editor\" data-id=\"d68a6fa\" data-element_type=\"widget\" data-e-type=\"widget\" data-widget_type=\"text-editor.default\">\n\t\t\t\t<div class=\"elementor-widget-container\">\n\t\t\t\t\t\t\t\t\t<p class=\"translation-block\">Au-del\u00e0 de l\u2019expertise technique, les comp\u00e9tences interpersonnelles sont \u00e9galement importantes en Audit.<p>\n\nL\u2019augmentation du nombre de recrutements en Audit r\u00e9sulte d\u2019une hausse des activit\u00e9s dans toutes les industries. Sont d\u00e9sormais privil\u00e9gi\u00e9s les profils hautement qualifi\u00e9s poss\u00e9dant des comp\u00e9tences av\u00e9r\u00e9es en comptabilit\u00e9 et de solides capacit\u00e9s d\u2019analyse.<p>\n\nVisant la conformit\u00e9, les compagnies recherchent des professionnels qui, au-del\u00e0 de leur expertise technique, d\u00e9tiennent une fine compr\u00e9hension des diff\u00e9rentes composantes de l\u2019entreprise. Les Auditeurs pourront instiller cette vision dans le cycle d\u2019audit et garantir ainsi la mise en conformit\u00e9.<\/p>\t\t\t\t\t\t\t\t<\/div>\n\t\t\t\t<\/div>\n\t\t\t\t\t<\/div>\n\t\t\t\t<\/div>\n\t\t\t\t\t<\/div>\n\t\t\t\t<\/div>\n\t\t\t\t<\/div>","protected":false},"excerpt":{"rendered":"<p>LINES OF BUSINESS Auditing Auditing is \u201can interactive and negotiated process\u201d(1). Beyond technical expertise, soft skills also play a part into forging a career path in risk and compliance.The steady rise in auditing recruitments has been driven by an increase in auditing activities, a wider range of positions and the search for new profiles of highly certified professionals with strong accounting and analytical skills.Aiming for more compliance, corporations will seek out individuals who beyond their technical expertise, have a deep &hellip; <a href=\"https:\/\/celeris-partners.com\/fr\/lines-of-business\/audit-compliance-and-risk-solutions\/auditing\/\" class=\"more-link\">Continue reading<span class=\"screen-reader-text\"> &#8220;Auditing&#8221;<\/span><\/a><\/p>","protected":false},"author":1,"featured_media":0,"parent":31,"menu_order":0,"comment_status":"closed","ping_status":"closed","template":"elementor_header_footer","meta":{"footnotes":""},"class_list":["post-35","page","type-page","status-publish","hentry"],"_links":{"self":[{"href":"https:\/\/celeris-partners.com\/fr\/wp-json\/wp\/v2\/pages\/35","targetHints":{"allow":["GET"]}}],"collection":[{"href":"https:\/\/celeris-partners.com\/fr\/wp-json\/wp\/v2\/pages"}],"about":[{"href":"https:\/\/celeris-partners.com\/fr\/wp-json\/wp\/v2\/types\/page"}],"author":[{"embeddable":true,"href":"https:\/\/celeris-partners.com\/fr\/wp-json\/wp\/v2\/users\/1"}],"replies":[{"embeddable":true,"href":"https:\/\/celeris-partners.com\/fr\/wp-json\/wp\/v2\/comments?post=35"}],"version-history":[{"count":19,"href":"https:\/\/celeris-partners.com\/fr\/wp-json\/wp\/v2\/pages\/35\/revisions"}],"predecessor-version":[{"id":1190,"href":"https:\/\/celeris-partners.com\/fr\/wp-json\/wp\/v2\/pages\/35\/revisions\/1190"}],"up":[{"embeddable":true,"href":"https:\/\/celeris-partners.com\/fr\/wp-json\/wp\/v2\/pages\/31"}],"wp:attachment":[{"href":"https:\/\/celeris-partners.com\/fr\/wp-json\/wp\/v2\/media?parent=35"}],"curies":[{"name":"wp","href":"https:\/\/api.w.org\/{rel}","templated":true}]}}