{"id":33,"date":"2024-02-26T07:28:30","date_gmt":"2024-02-26T07:28:30","guid":{"rendered":"https:\/\/celeris-partners.com\/?page_id=33"},"modified":"2024-03-06T10:10:11","modified_gmt":"2024-03-06T10:10:11","slug":"risk","status":"publish","type":"page","link":"https:\/\/celeris-partners.com\/fr\/lines-of-business\/audit-compliance-and-risk-solutions\/risk\/","title":{"rendered":"Gestion du risque"},"content":{"rendered":"<div data-elementor-type=\"wp-page\" data-elementor-id=\"33\" class=\"elementor elementor-33\">\n\t\t\t\t<div class=\"elementor-element elementor-element-686d9dd e-flex e-con-boxed e-con e-parent\" data-id=\"686d9dd\" data-element_type=\"container\" data-e-type=\"container\" data-settings=\"{&quot;background_background&quot;:&quot;classic&quot;}\">\n\t\t\t\t\t<div class=\"e-con-inner\">\n\t\t<div class=\"elementor-element elementor-element-617811b e-flex e-con-boxed e-con e-child\" data-id=\"617811b\" data-element_type=\"container\" data-e-type=\"container\">\n\t\t\t\t\t<div class=\"e-con-inner\">\n\t\t\t\t\t<\/div>\n\t\t\t\t<\/div>\n\t\t\t\t\t<\/div>\n\t\t\t\t<\/div>\n\t\t<div class=\"elementor-element elementor-element-bcb8130 e-flex e-con-boxed e-con e-parent\" data-id=\"bcb8130\" data-element_type=\"container\" data-e-type=\"container\">\n\t\t\t\t\t<div class=\"e-con-inner\">\n\t\t<div class=\"elementor-element elementor-element-35448db e-con-full e-flex e-con e-child\" data-id=\"35448db\" data-element_type=\"container\" data-e-type=\"container\">\n\t\t\t\t<div class=\"elementor-element elementor-element-b296bda elementor-widget elementor-widget-heading\" data-id=\"b296bda\" data-element_type=\"widget\" data-e-type=\"widget\" data-widget_type=\"heading.default\">\n\t\t\t\t<div class=\"elementor-widget-container\">\n\t\t\t\t\t<h2 class=\"elementor-heading-title elementor-size-default\">NOTRE ACTIVIT\u00c9<\/h2>\t\t\t\t<\/div>\n\t\t\t\t<\/div>\n\t\t\t\t<div class=\"elementor-element elementor-element-cd0aa5c elementor-widget elementor-widget-heading\" data-id=\"cd0aa5c\" data-element_type=\"widget\" data-e-type=\"widget\" data-widget_type=\"heading.default\">\n\t\t\t\t<div class=\"elementor-widget-container\">\n\t\t\t\t\t<h2 class=\"elementor-heading-title elementor-size-default\">Gestion du risque<\/h2>\t\t\t\t<\/div>\n\t\t\t\t<\/div>\n\t\t\t\t<div class=\"elementor-element elementor-element-3f95928 elementor-widget-divider--view-line elementor-widget elementor-widget-divider\" data-id=\"3f95928\" data-element_type=\"widget\" data-e-type=\"widget\" data-widget_type=\"divider.default\">\n\t\t\t\t<div class=\"elementor-widget-container\">\n\t\t\t\t\t\t\t<div class=\"elementor-divider\">\n\t\t\t<span class=\"elementor-divider-separator\">\n\t\t\t\t\t\t<\/span>\n\t\t<\/div>\n\t\t\t\t\t\t<\/div>\n\t\t\t\t<\/div>\n\t\t\t\t<div class=\"elementor-element elementor-element-bf277f4 elementor-widget elementor-widget-heading\" data-id=\"bf277f4\" data-element_type=\"widget\" data-e-type=\"widget\" data-widget_type=\"heading.default\">\n\t\t\t\t<div class=\"elementor-widget-container\">\n\t\t\t\t\t<h2 class=\"elementor-heading-title elementor-size-default\">La mission pr\u00e9valente du Risk Manager est de s\u2019assurer que sa compagnie est en mesure de faire face aux al\u00e9as.<\/h2>\t\t\t\t<\/div>\n\t\t\t\t<\/div>\n\t\t\t\t<div class=\"elementor-element elementor-element-4eea938 elementor-widget elementor-widget-text-editor\" data-id=\"4eea938\" data-element_type=\"widget\" data-e-type=\"widget\" data-widget_type=\"text-editor.default\">\n\t\t\t\t<div class=\"elementor-widget-container\">\n\t\t\t\t\t\t\t\t\t<p><span style=\"font-size: 18px; text-align: justify;\">Si diff\u00e9rents mod\u00e8les sont utilis\u00e9s pour conceptualiser et appliquer certains processus, l\u2019objectif est de cr\u00e9er de la valeur.<p>\n\nLes nouvelles r\u00e9gulations ont port\u00e9 les concepts de gouvernance, de conformit\u00e9 et de gestion du risque au premier plan dans la conception des mod\u00e8les \u00e9conomiques.<p>\n\nLes changements structurels et culturels ont conduit \u00e0 une croissance continue des besoins en recrutement de Risk Managers dans l\u2019ensemble du secteur financier et assurantiel.<\/span><\/p>\t\t\t\t\t\t\t\t<\/div>\n\t\t\t\t<\/div>\n\t\t\t\t<\/div>\n\t\t<div class=\"elementor-element elementor-element-ceea456 e-con-full e-flex e-con e-child\" data-id=\"ceea456\" data-element_type=\"container\" data-e-type=\"container\">\n\t\t\t\t<div class=\"elementor-element elementor-element-7c33f4d elementor-widget elementor-widget-image\" data-id=\"7c33f4d\" data-element_type=\"widget\" data-e-type=\"widget\" data-widget_type=\"image.default\">\n\t\t\t\t<div class=\"elementor-widget-container\">\n\t\t\t\t\t\t\t\t\t\t\t\t\t\t\t<img fetchpriority=\"high\" decoding=\"async\" width=\"840\" height=\"560\" src=\"https:\/\/celeris-partners.com\/wp-content\/uploads\/2024\/03\/Celeris-asset-6-1024x683.jpg\" class=\"attachment-large size-large wp-image-691\" alt=\"\" srcset=\"https:\/\/celeris-partners.com\/wp-content\/uploads\/2024\/03\/Celeris-asset-6-1024x683.jpg 1024w, https:\/\/celeris-partners.com\/wp-content\/uploads\/2024\/03\/Celeris-asset-6-300x200.jpg 300w, https:\/\/celeris-partners.com\/wp-content\/uploads\/2024\/03\/Celeris-asset-6-768x512.jpg 768w, https:\/\/celeris-partners.com\/wp-content\/uploads\/2024\/03\/Celeris-asset-6-1536x1024.jpg 1536w, https:\/\/celeris-partners.com\/wp-content\/uploads\/2024\/03\/Celeris-asset-6-2048x1365.jpg 2048w, https:\/\/celeris-partners.com\/wp-content\/uploads\/2024\/03\/Celeris-asset-6-1200x800.jpg 1200w\" sizes=\"(max-width: 709px) 85vw, (max-width: 909px) 67vw, (max-width: 1362px) 62vw, 840px\" \/>\t\t\t\t\t\t\t\t\t\t\t\t\t\t\t<\/div>\n\t\t\t\t<\/div>\n\t\t\t\t<\/div>\n\t\t\t\t\t<\/div>\n\t\t\t\t<\/div>\n\t\t\t\t<\/div>","protected":false},"excerpt":{"rendered":"<p>LINES OF BUSINESS Risk Management The prevalent role of the Risk managers is to make their company more immune to cycles thus creating value. A change in regulations and culture has put Risk management at the forefront of business models along with governance and compliance; steadily increasing the recruitment needs for Risk managers in all part of the industry.<\/p>","protected":false},"author":1,"featured_media":0,"parent":31,"menu_order":0,"comment_status":"closed","ping_status":"closed","template":"elementor_header_footer","meta":{"footnotes":""},"class_list":["post-33","page","type-page","status-publish","hentry"],"_links":{"self":[{"href":"https:\/\/celeris-partners.com\/fr\/wp-json\/wp\/v2\/pages\/33","targetHints":{"allow":["GET"]}}],"collection":[{"href":"https:\/\/celeris-partners.com\/fr\/wp-json\/wp\/v2\/pages"}],"about":[{"href":"https:\/\/celeris-partners.com\/fr\/wp-json\/wp\/v2\/types\/page"}],"author":[{"embeddable":true,"href":"https:\/\/celeris-partners.com\/fr\/wp-json\/wp\/v2\/users\/1"}],"replies":[{"embeddable":true,"href":"https:\/\/celeris-partners.com\/fr\/wp-json\/wp\/v2\/comments?post=33"}],"version-history":[{"count":25,"href":"https:\/\/celeris-partners.com\/fr\/wp-json\/wp\/v2\/pages\/33\/revisions"}],"predecessor-version":[{"id":1184,"href":"https:\/\/celeris-partners.com\/fr\/wp-json\/wp\/v2\/pages\/33\/revisions\/1184"}],"up":[{"embeddable":true,"href":"https:\/\/celeris-partners.com\/fr\/wp-json\/wp\/v2\/pages\/31"}],"wp:attachment":[{"href":"https:\/\/celeris-partners.com\/fr\/wp-json\/wp\/v2\/media?parent=33"}],"curies":[{"name":"wp","href":"https:\/\/api.w.org\/{rel}","templated":true}]}}