{"id":29,"date":"2024-02-26T07:27:33","date_gmt":"2024-02-26T07:27:33","guid":{"rendered":"https:\/\/celeris-partners.com\/?page_id=29"},"modified":"2024-03-06T10:05:03","modified_gmt":"2024-03-06T10:05:03","slug":"actuarial","status":"publish","type":"page","link":"https:\/\/celeris-partners.com\/fr\/lines-of-business\/actuarial\/","title":{"rendered":"Actuariat"},"content":{"rendered":"<div data-elementor-type=\"wp-page\" data-elementor-id=\"29\" class=\"elementor elementor-29\">\n\t\t\t\t<div class=\"elementor-element elementor-element-f75ae80 e-flex e-con-boxed e-con e-parent\" data-id=\"f75ae80\" data-element_type=\"container\" data-e-type=\"container\" data-settings=\"{&quot;background_background&quot;:&quot;classic&quot;}\">\n\t\t\t\t\t<div class=\"e-con-inner\">\n\t\t<div class=\"elementor-element elementor-element-879d8f6 e-flex e-con-boxed e-con e-child\" data-id=\"879d8f6\" data-element_type=\"container\" data-e-type=\"container\">\n\t\t\t\t\t<div class=\"e-con-inner\">\n\t\t\t\t\t<\/div>\n\t\t\t\t<\/div>\n\t\t\t\t\t<\/div>\n\t\t\t\t<\/div>\n\t\t<div class=\"elementor-element elementor-element-879517c e-flex e-con-boxed e-con e-parent\" data-id=\"879517c\" data-element_type=\"container\" data-e-type=\"container\">\n\t\t\t\t\t<div class=\"e-con-inner\">\n\t\t<div class=\"elementor-element elementor-element-d35dc3f e-con-full e-flex e-con e-child\" data-id=\"d35dc3f\" data-element_type=\"container\" data-e-type=\"container\">\n\t\t\t\t<div class=\"elementor-element elementor-element-6a70d47 elementor-widget elementor-widget-text-editor\" data-id=\"6a70d47\" data-element_type=\"widget\" data-e-type=\"widget\" data-widget_type=\"text-editor.default\">\n\t\t\t\t<div class=\"elementor-widget-container\">\n\t\t\t\t\t<style>.elementor-element-6a70d47{display:none !important}<\/style>\t\t\t\t<\/div>\n\t\t\t\t<\/div>\n\t\t\t\t<div class=\"elementor-element elementor-element-c8b0de4 elementor-widget elementor-widget-text-editor\" data-id=\"c8b0de4\" data-element_type=\"widget\" data-e-type=\"widget\" data-widget_type=\"text-editor.default\">\n\t\t\t\t<div class=\"elementor-widget-container\">\n\t\t\t\t\t\t\t\t\t<p>Les Actuaires \u00e9valuent les risques, interpr\u00e8tent les donn\u00e9es et fournissent en fonction de leur domaine d\u2019expertise des conseils et des directives. Les Actuaires ont un r\u00f4le primordial \u00e0 jouer en ce qui concerne la mise en place des bonnes pratiques et des strat\u00e9gies. Ils sont aussi garants de la gouvernance et de la gestion du risque. Comme tels, ils sont souvent pr\u00e9sents sur des postes \u00e0 dimension technique importante. A une \u00e9poque<\/p>\t\t\t\t\t\t\t\t<\/div>\n\t\t\t\t<\/div>\n\t\t\t\t<\/div>\n\t\t<div class=\"elementor-element elementor-element-8da8d06 e-con-full e-flex e-con e-child\" data-id=\"8da8d06\" data-element_type=\"container\" data-e-type=\"container\">\n\t\t\t\t<div class=\"elementor-element elementor-element-d7c36a6 elementor-widget elementor-widget-text-editor\" data-id=\"d7c36a6\" data-element_type=\"widget\" data-e-type=\"widget\" data-widget_type=\"text-editor.default\">\n\t\t\t\t<div class=\"elementor-widget-container\">\n\t\t\t\t\t<style>.elementor-element-d7c36a6{display:none !important}<\/style>\t\t\t\t<\/div>\n\t\t\t\t<\/div>\n\t\t\t\t<div class=\"elementor-element elementor-element-8bf5ec7 elementor-widget elementor-widget-text-editor\" data-id=\"8bf5ec7\" data-element_type=\"widget\" data-e-type=\"widget\" data-widget_type=\"text-editor.default\">\n\t\t\t\t<div class=\"elementor-widget-container\">\n\t\t\t\t\t\t\t\t\t<p>d\u00e9finie par la complexit\u00e9 de r\u00e9gulations changeantes, la volatilit\u00e9 des march\u00e9s et une exposition \u00e0 des risques de port\u00e9e mondiale, la profession d\u2019Actuaire est plus que jamais pertinente. Nous travaillons avec des professionnels qui sont \u00e0 l\u2019aff\u00fbt de bonnes opportunit\u00e9s qui leurs permettront d\u2019\u00e9voluer, d\u2019\u00e9largir leur champs de comp\u00e9tences et d\u2019aiguiser leurs talents tout en participant \u00e0 la croissance de leurs soci\u00e9t\u00e9s.<\/p>\t\t\t\t\t\t\t\t<\/div>\n\t\t\t\t<\/div>\n\t\t\t\t<\/div>\n\t\t<div class=\"elementor-element elementor-element-341c7ed e-con-full e-flex e-con e-child\" data-id=\"341c7ed\" data-element_type=\"container\" data-e-type=\"container\">\n\t\t\t\t<div class=\"elementor-element elementor-element-5bd6097 elementor-widget elementor-widget-heading\" data-id=\"5bd6097\" data-element_type=\"widget\" data-e-type=\"widget\" data-widget_type=\"heading.default\">\n\t\t\t\t<div class=\"elementor-widget-container\">\n\t\t\t\t\t<h2 class=\"elementor-heading-title elementor-size-default\">NOTRE ACTIVIT\u00c9<\/h2>\t\t\t\t<\/div>\n\t\t\t\t<\/div>\n\t\t\t\t<div class=\"elementor-element elementor-element-cf80534 elementor-widget elementor-widget-heading\" data-id=\"cf80534\" data-element_type=\"widget\" data-e-type=\"widget\" data-widget_type=\"heading.default\">\n\t\t\t\t<div class=\"elementor-widget-container\">\n\t\t\t\t\t<h2 class=\"elementor-heading-title elementor-size-default\">Actuariat<\/h2>\t\t\t\t<\/div>\n\t\t\t\t<\/div>\n\t\t\t\t<div class=\"elementor-element elementor-element-2156ef6 elementor-widget-divider--view-line elementor-widget elementor-widget-divider\" data-id=\"2156ef6\" data-element_type=\"widget\" data-e-type=\"widget\" data-widget_type=\"divider.default\">\n\t\t\t\t<div class=\"elementor-widget-container\">\n\t\t\t\t\t\t\t<div class=\"elementor-divider\">\n\t\t\t<span class=\"elementor-divider-separator\">\n\t\t\t\t\t\t<\/span>\n\t\t<\/div>\n\t\t\t\t\t\t<\/div>\n\t\t\t\t<\/div>\n\t\t\t\t<\/div>\n\t\t\t\t\t<\/div>\n\t\t\t\t<\/div>\n\t\t\t\t<\/div>","protected":false},"excerpt":{"rendered":"<p>Actuaries appraise risk, interpret data and provide in their field of expertise advice and guidance. In this world defined by complexity with changing regulations, volatile markets and exposure to globalized risk, the actuarial profession is more than ever relevant. Les Actuaires \u00e9valuent les risques, interpr\u00e8tent les donn\u00e9es et fournissent en fonction de leur domaine d\u2019expertise des conseils et des directives. Les Actuaires ont un r\u00f4le primordial \u00e0 jouer en ce qui concerne la mise en place des bonnes pratiques et &hellip; <a href=\"https:\/\/celeris-partners.com\/fr\/lines-of-business\/actuarial\/\" class=\"more-link\">Continue reading<span class=\"screen-reader-text\"> &#8220;Actuarial&#8221;<\/span><\/a><\/p>","protected":false},"author":1,"featured_media":0,"parent":25,"menu_order":0,"comment_status":"closed","ping_status":"closed","template":"elementor_header_footer","meta":{"footnotes":""},"class_list":["post-29","page","type-page","status-publish","hentry"],"_links":{"self":[{"href":"https:\/\/celeris-partners.com\/fr\/wp-json\/wp\/v2\/pages\/29","targetHints":{"allow":["GET"]}}],"collection":[{"href":"https:\/\/celeris-partners.com\/fr\/wp-json\/wp\/v2\/pages"}],"about":[{"href":"https:\/\/celeris-partners.com\/fr\/wp-json\/wp\/v2\/types\/page"}],"author":[{"embeddable":true,"href":"https:\/\/celeris-partners.com\/fr\/wp-json\/wp\/v2\/users\/1"}],"replies":[{"embeddable":true,"href":"https:\/\/celeris-partners.com\/fr\/wp-json\/wp\/v2\/comments?post=29"}],"version-history":[{"count":16,"href":"https:\/\/celeris-partners.com\/fr\/wp-json\/wp\/v2\/pages\/29\/revisions"}],"predecessor-version":[{"id":1181,"href":"https:\/\/celeris-partners.com\/fr\/wp-json\/wp\/v2\/pages\/29\/revisions\/1181"}],"up":[{"embeddable":true,"href":"https:\/\/celeris-partners.com\/fr\/wp-json\/wp\/v2\/pages\/25"}],"wp:attachment":[{"href":"https:\/\/celeris-partners.com\/fr\/wp-json\/wp\/v2\/media?parent=29"}],"curies":[{"name":"wp","href":"https:\/\/api.w.org\/{rel}","templated":true}]}}