{"id":23,"date":"2024-02-26T07:20:08","date_gmt":"2024-02-26T07:20:08","guid":{"rendered":"https:\/\/celeris-partners.com\/?page_id=23"},"modified":"2024-03-06T09:54:44","modified_gmt":"2024-03-06T09:54:44","slug":"filled-positions","status":"publish","type":"page","link":"https:\/\/celeris-partners.com\/fr\/candidate\/filled-positions\/","title":{"rendered":"Postes Pourvus"},"content":{"rendered":"<div data-elementor-type=\"wp-page\" data-elementor-id=\"23\" class=\"elementor elementor-23\">\n\t\t\t\t<div class=\"elementor-element elementor-element-e562e00 e-flex e-con-boxed e-con e-parent\" data-id=\"e562e00\" data-element_type=\"container\" data-e-type=\"container\" data-settings=\"{&quot;background_background&quot;:&quot;classic&quot;}\">\n\t\t\t\t\t<div class=\"e-con-inner\">\n\t\t<div class=\"elementor-element elementor-element-7aa4260 e-flex e-con-boxed e-con e-child\" data-id=\"7aa4260\" data-element_type=\"container\" data-e-type=\"container\">\n\t\t\t\t\t<div class=\"e-con-inner\">\n\t\t\t\t\t<\/div>\n\t\t\t\t<\/div>\n\t\t\t\t\t<\/div>\n\t\t\t\t<\/div>\n\t\t<div class=\"elementor-element elementor-element-b5d1def e-flex e-con-boxed e-con e-parent\" data-id=\"b5d1def\" data-element_type=\"container\" data-e-type=\"container\">\n\t\t\t\t\t<div class=\"e-con-inner\">\n\t\t<div class=\"elementor-element elementor-element-a96dba1 e-flex e-con-boxed e-con e-child\" data-id=\"a96dba1\" data-element_type=\"container\" data-e-type=\"container\">\n\t\t\t\t\t<div class=\"e-con-inner\">\n\t\t\t\t<div class=\"elementor-element elementor-element-997b6d6 elementor-widget elementor-widget-heading\" data-id=\"997b6d6\" data-element_type=\"widget\" data-e-type=\"widget\" data-widget_type=\"heading.default\">\n\t\t\t\t<div class=\"elementor-widget-container\">\n\t\t\t\t\t<h2 class=\"elementor-heading-title elementor-size-default\">Postes Pourvus<\/h2>\t\t\t\t<\/div>\n\t\t\t\t<\/div>\n\t\t\t\t\t<\/div>\n\t\t\t\t<\/div>\n\t\t<div class=\"elementor-element elementor-element-528c41a e-flex e-con-boxed e-con e-child\" data-id=\"528c41a\" data-element_type=\"container\" data-e-type=\"container\">\n\t\t\t\t\t<div class=\"e-con-inner\">\n\t\t<div class=\"elementor-element elementor-element-44c2e52 e-flex e-con-boxed e-con e-child\" data-id=\"44c2e52\" data-element_type=\"container\" data-e-type=\"container\">\n\t\t\t\t\t<div class=\"e-con-inner\">\n\t\t\t\t<div class=\"elementor-element elementor-element-1b6a1d8 elementor-widget elementor-widget-text-editor\" data-id=\"1b6a1d8\" data-element_type=\"widget\" data-e-type=\"widget\" data-widget_type=\"text-editor.default\">\n\t\t\t\t<div class=\"elementor-widget-container\">\n\t\t\t\t\t<style>.elementor-element-1b6a1d8{display:none !important}<\/style>\t\t\t\t<\/div>\n\t\t\t\t<\/div>\n\t\t\t\t<div class=\"elementor-element elementor-element-5e571eb elementor-widget elementor-widget-text-editor\" data-id=\"5e571eb\" data-element_type=\"widget\" data-e-type=\"widget\" data-widget_type=\"text-editor.default\">\n\t\t\t\t<div class=\"elementor-widget-container\">\n\t\t\t\t\t\t\t\t\t<ul><li>Responsable Technique et Actuariat<\/li><li>Adjoint Responsable ALM \/ Valorisation<\/li><li>G\u00e9rant des investissements<\/li><li>Actuaire ALM Solvabilit\u00e9 2<\/li><li>Responsable Assurance non vie<\/li><li>Responsable Mod\u00e9lisation ALM<\/li><li>Charg\u00e9 d\u2019\u00e9tudes ALM<\/li><li>Actuaire S\u00e9nior Tarification Auto<\/li><li>Actuaire S\u00e9nior Tarification MRH<\/li><li>&#8221; Senior Medical Underwriter&#8221;<\/li><li>Actuaire \/ Souscripteur Pr\u00e9voyance Sant\u00e9<\/li><li>Actuaire S\u00e9nior Tarification Pr\u00e9voyance<\/li><\/ul>\t\t\t\t\t\t\t\t<\/div>\n\t\t\t\t<\/div>\n\t\t\t\t\t<\/div>\n\t\t\t\t<\/div>\n\t\t<div class=\"elementor-element elementor-element-63b506a e-flex e-con-boxed e-con e-child\" data-id=\"63b506a\" data-element_type=\"container\" data-e-type=\"container\">\n\t\t\t\t\t<div class=\"e-con-inner\">\n\t\t\t\t<div class=\"elementor-element elementor-element-656e228 elementor-widget elementor-widget-text-editor\" data-id=\"656e228\" data-element_type=\"widget\" data-e-type=\"widget\" data-widget_type=\"text-editor.default\">\n\t\t\t\t<div class=\"elementor-widget-container\">\n\t\t\t\t\t<style>.elementor-element-656e228{display:none !important}<\/style>\t\t\t\t<\/div>\n\t\t\t\t<\/div>\n\t\t\t\t<div class=\"elementor-element elementor-element-3b2e49e elementor-widget elementor-widget-text-editor\" data-id=\"3b2e49e\" data-element_type=\"widget\" data-e-type=\"widget\" data-widget_type=\"text-editor.default\">\n\t\t\t\t<div class=\"elementor-widget-container\">\n\t\t\t\t\t\t\t\t\t<ul><li>Souscripteur S\u00e9nior Construction<\/li><li>Directeur Technique<\/li><li>Responsable Actuariat Pr\u00e9voyance Sant\u00e9<\/li><li>Responsable Actuariat IARD<\/li><li>Souscripteur S\u00e9nior RC<\/li><li>\u201cSenior Life Actuary\u201d<\/li><li>Consultant Manager Assurance<\/li><li>Consultant Actuariat S\u00e9nior Manager IARD<\/li><li>Responsable Actuariel Solvabilit\u00e9 2<\/li><li>Consultante Mod\u00e9lisation Pr\u00e9voyance Sant\u00e9<\/li><li>Consultant Modelisation<\/li><li>Actuaire Tarificateur IARD<\/li><\/ul>\t\t\t\t\t\t\t\t<\/div>\n\t\t\t\t<\/div>\n\t\t\t\t\t<\/div>\n\t\t\t\t<\/div>\n\t\t<div class=\"elementor-element elementor-element-52642b8 e-flex e-con-boxed e-con e-child\" data-id=\"52642b8\" data-element_type=\"container\" data-e-type=\"container\">\n\t\t\t\t\t<div class=\"e-con-inner\">\n\t\t\t\t<div class=\"elementor-element elementor-element-835125d elementor-widget elementor-widget-text-editor\" data-id=\"835125d\" data-element_type=\"widget\" data-e-type=\"widget\" data-widget_type=\"text-editor.default\">\n\t\t\t\t<div class=\"elementor-widget-container\">\n\t\t\t\t\t<style>.elementor-element-835125d{display:none !important}<\/style>\t\t\t\t<\/div>\n\t\t\t\t<\/div>\n\t\t\t\t<div class=\"elementor-element elementor-element-3e82501 elementor-widget elementor-widget-text-editor\" data-id=\"3e82501\" data-element_type=\"widget\" data-e-type=\"widget\" data-widget_type=\"text-editor.default\">\n\t\t\t\t<div class=\"elementor-widget-container\">\n\t\t\t\t\t\t\t\t\t<ul><li>Actuaire Affinitaire<\/li><li>Directeur Actuariat<\/li><li>Directeur Conformit\u00e9<\/li><li>Responsable Audit Interne<\/li><li>Analyste Quantitatif \u2013 Credit Risk Modelling<\/li><li>Analyste Quantitatif- Stress Test Credit<\/li><li>Responsable de service Gestion R\u00e9assurance<\/li><li>Expert Risk Manager<\/li><li>Data Analyst<\/li><li>Consultant \/ Manager Risk Consulting<\/li><li>Consultant\/ Manager Conformit\u00e9<\/li><li>Responsable de D\u00e9partement Planification et Contr\u00f4les<\/li><\/ul>\t\t\t\t\t\t\t\t<\/div>\n\t\t\t\t<\/div>\n\t\t\t\t\t<\/div>\n\t\t\t\t<\/div>\n\t\t\t\t\t<\/div>\n\t\t\t\t<\/div>\n\t\t\t\t\t<\/div>\n\t\t\t\t<\/div>\n\t\t\t\t<\/div>","protected":false},"excerpt":{"rendered":"<p>Filled Positions Risk Manager Chief Risk Officer Senior Operational Risk Manager Enterprise Risk manager Credit Risk Modeler Senior Cat Modeler Compensation and benefits senior consultant Senior Auditor Senior data analyst Head of compliance Responsable Technique et Actuariat Adjoint Responsable ALM \/ Valorisation G\u00e9rant des investissements Actuaire ALM Solvabilit\u00e9 2 Responsable Assurance non vie Responsable Mod\u00e9lisation ALM Charg\u00e9 d\u2019\u00e9tudes ALM Actuaire S\u00e9nior Tarification Auto Actuaire S\u00e9nior Tarification MRH &#8221; Senior Medical Underwriter&#8221; Actuaire \/ Souscripteur Pr\u00e9voyance Sant\u00e9 Actuaire S\u00e9nior Tarification Pr\u00e9voyance &hellip; <a href=\"https:\/\/celeris-partners.com\/fr\/candidate\/filled-positions\/\" class=\"more-link\">Continue reading<span class=\"screen-reader-text\"> &#8220;Filled Positions&#8221;<\/span><\/a><\/p>","protected":false},"author":1,"featured_media":0,"parent":21,"menu_order":0,"comment_status":"closed","ping_status":"closed","template":"elementor_header_footer","meta":{"footnotes":""},"class_list":["post-23","page","type-page","status-publish","hentry"],"_links":{"self":[{"href":"https:\/\/celeris-partners.com\/fr\/wp-json\/wp\/v2\/pages\/23","targetHints":{"allow":["GET"]}}],"collection":[{"href":"https:\/\/celeris-partners.com\/fr\/wp-json\/wp\/v2\/pages"}],"about":[{"href":"https:\/\/celeris-partners.com\/fr\/wp-json\/wp\/v2\/types\/page"}],"author":[{"embeddable":true,"href":"https:\/\/celeris-partners.com\/fr\/wp-json\/wp\/v2\/users\/1"}],"replies":[{"embeddable":true,"href":"https:\/\/celeris-partners.com\/fr\/wp-json\/wp\/v2\/comments?post=23"}],"version-history":[{"count":28,"href":"https:\/\/celeris-partners.com\/fr\/wp-json\/wp\/v2\/pages\/23\/revisions"}],"predecessor-version":[{"id":1178,"href":"https:\/\/celeris-partners.com\/fr\/wp-json\/wp\/v2\/pages\/23\/revisions\/1178"}],"up":[{"embeddable":true,"href":"https:\/\/celeris-partners.com\/fr\/wp-json\/wp\/v2\/pages\/21"}],"wp:attachment":[{"href":"https:\/\/celeris-partners.com\/fr\/wp-json\/wp\/v2\/media?parent=23"}],"curies":[{"name":"wp","href":"https:\/\/api.w.org\/{rel}","templated":true}]}}