{"id":17,"date":"2024-02-26T07:17:55","date_gmt":"2024-02-26T07:17:55","guid":{"rendered":"https:\/\/celeris-partners.com\/?page_id=17"},"modified":"2024-03-13T13:56:56","modified_gmt":"2024-03-13T13:56:56","slug":"about-us","status":"publish","type":"page","link":"https:\/\/celeris-partners.com\/fr\/about-us\/","title":{"rendered":"\u00c0 PROPOS"},"content":{"rendered":"<div data-elementor-type=\"wp-page\" data-elementor-id=\"17\" class=\"elementor elementor-17\">\n\t\t\t\t<div class=\"elementor-element elementor-element-6280aea e-flex e-con-boxed e-con e-parent\" data-id=\"6280aea\" data-element_type=\"container\" data-e-type=\"container\" data-settings=\"{&quot;background_background&quot;:&quot;classic&quot;}\">\n\t\t\t\t\t<div class=\"e-con-inner\">\n\t\t<div class=\"elementor-element elementor-element-0878138 e-flex e-con-boxed e-con e-child\" data-id=\"0878138\" data-element_type=\"container\" data-e-type=\"container\">\n\t\t\t\t\t<div class=\"e-con-inner\">\n\t\t\t\t\t<\/div>\n\t\t\t\t<\/div>\n\t\t\t\t\t<\/div>\n\t\t\t\t<\/div>\n\t\t<div class=\"elementor-element elementor-element-a4751c7 e-flex e-con-boxed e-con e-parent\" data-id=\"a4751c7\" data-element_type=\"container\" data-e-type=\"container\">\n\t\t\t\t\t<div class=\"e-con-inner\">\n\t\t<div class=\"elementor-element elementor-element-a332992 e-con-full e-flex e-con e-child\" data-id=\"a332992\" data-element_type=\"container\" data-e-type=\"container\">\n\t\t\t\t<div class=\"elementor-element elementor-element-2bac2b0 elementor-widget elementor-widget-text-editor\" data-id=\"2bac2b0\" data-element_type=\"widget\" data-e-type=\"widget\" data-widget_type=\"text-editor.default\">\n\t\t\t\t<div class=\"elementor-widget-container\">\n\t\t\t\t\t\t\t\t\t<ul><li>Chez Celeris Partners, notre c\u0153ur de m\u00e9tier c\u2019est d\u2019identifier et de recruter les professionnels du risque pour les Services Financiers.<\/li><li>Nous appuyons notre expertise sur la pr\u00e9cision de notre approche, notre rapidit\u00e9 d\u2019ex\u00e9cution et la pertinence des profils s\u00e9lectionn\u00e9s afin de vous offrir un service de qualit\u00e9.<\/li><li>Nous sommes en mesure de pr\u00e9senter des candidats poss\u00e9dant l\u2019\u00e9ventail de comp\u00e9tences indispensables pour tout recrutement strat\u00e9gique, parce que nous comprenons \u00e0 un niveau technique vos requ\u00eates.<\/li><li>La mise en place de nouvelles normes r\u00e9glementaires dans le secteur bancaire et financier ont engendr\u00e9 un d\u00e9s\u00e9quilibre structurel en termes d\u2019offre et de demande. A partir d\u2019un vivier de talents restreint, notre objectif est de vous pr\u00e9senter les meilleurs profils ; ceux-ci sont g\u00e9n\u00e9ralement trouv\u00e9s par recommandation.<\/li><li>Notre sp\u00e9cialit\u00e9 ? Les postes s\u00e9niors r\u00e9put\u00e9s difficiles \u00e0 pourvoir, des successions, des postes nouveaux, \u00e0 g\u00e9om\u00e9trie variable, des cr\u00e9ations de poste.<\/li><li>Notre signature ? La discr\u00e9tion et la confidentialit\u00e9.<\/li><\/ul>\t\t\t\t\t\t\t\t<\/div>\n\t\t\t\t<\/div>\n\t\t\t\t<\/div>\n\t\t<div class=\"elementor-element elementor-element-674c4ac e-con-full e-flex e-con e-child\" data-id=\"674c4ac\" data-element_type=\"container\" data-e-type=\"container\">\n\t\t\t\t<div class=\"elementor-element elementor-element-2642fa4 elementor-widget elementor-widget-image\" data-id=\"2642fa4\" data-element_type=\"widget\" data-e-type=\"widget\" data-widget_type=\"image.default\">\n\t\t\t\t<div class=\"elementor-widget-container\">\n\t\t\t\t\t\t\t\t\t\t\t\t\t\t\t<img fetchpriority=\"high\" decoding=\"async\" width=\"840\" height=\"560\" src=\"https:\/\/celeris-partners.com\/wp-content\/uploads\/2024\/03\/Celeris-asset-1-1-1024x683.jpg\" class=\"attachment-large size-large wp-image-700\" alt=\"\" srcset=\"https:\/\/celeris-partners.com\/wp-content\/uploads\/2024\/03\/Celeris-asset-1-1-1024x683.jpg 1024w, https:\/\/celeris-partners.com\/wp-content\/uploads\/2024\/03\/Celeris-asset-1-1-300x200.jpg 300w, https:\/\/celeris-partners.com\/wp-content\/uploads\/2024\/03\/Celeris-asset-1-1-768x512.jpg 768w, https:\/\/celeris-partners.com\/wp-content\/uploads\/2024\/03\/Celeris-asset-1-1-1536x1024.jpg 1536w, https:\/\/celeris-partners.com\/wp-content\/uploads\/2024\/03\/Celeris-asset-1-1-2048x1366.jpg 2048w, https:\/\/celeris-partners.com\/wp-content\/uploads\/2024\/03\/Celeris-asset-1-1-1200x800.jpg 1200w\" sizes=\"(max-width: 709px) 85vw, (max-width: 909px) 67vw, (max-width: 1362px) 62vw, 840px\" \/>\t\t\t\t\t\t\t\t\t\t\t\t\t\t\t<\/div>\n\t\t\t\t<\/div>\n\t\t\t\t<\/div>\n\t\t<div class=\"elementor-element elementor-element-ceff9a1 e-con-full e-flex e-con e-child\" data-id=\"ceff9a1\" data-element_type=\"container\" data-e-type=\"container\">\n\t\t\t\t<div class=\"elementor-element elementor-element-1cbbbcb elementor-widget elementor-widget-heading\" data-id=\"1cbbbcb\" data-element_type=\"widget\" data-e-type=\"widget\" data-widget_type=\"heading.default\">\n\t\t\t\t<div class=\"elementor-widget-container\">\n\t\t\t\t\t<h2 class=\"elementor-heading-title elementor-size-default\">Un conseil fiable. Un process \u00e9thique.<\/h2>\t\t\t\t<\/div>\n\t\t\t\t<\/div>\n\t\t\t\t<div class=\"elementor-element elementor-element-82558cc elementor-widget-divider--view-line elementor-widget elementor-widget-divider\" data-id=\"82558cc\" data-element_type=\"widget\" data-e-type=\"widget\" data-widget_type=\"divider.default\">\n\t\t\t\t<div class=\"elementor-widget-container\">\n\t\t\t\t\t\t\t<div class=\"elementor-divider\">\n\t\t\t<span class=\"elementor-divider-separator\">\n\t\t\t\t\t\t<\/span>\n\t\t<\/div>\n\t\t\t\t\t\t<\/div>\n\t\t\t\t<\/div>\n\t\t\t\t<\/div>\n\t\t\t\t\t<\/div>\n\t\t\t\t<\/div>\n\t\t<div class=\"elementor-element elementor-element-270cc30 e-flex e-con-boxed e-con e-parent\" data-id=\"270cc30\" data-element_type=\"container\" data-e-type=\"container\">\n\t\t\t\t\t<div class=\"e-con-inner\">\n\t\t\t\t<div class=\"elementor-element elementor-element-76579ba elementor-widget-divider--view-line elementor-widget elementor-widget-divider\" data-id=\"76579ba\" data-element_type=\"widget\" data-e-type=\"widget\" data-widget_type=\"divider.default\">\n\t\t\t\t<div class=\"elementor-widget-container\">\n\t\t\t\t\t\t\t<div class=\"elementor-divider\">\n\t\t\t<span class=\"elementor-divider-separator\">\n\t\t\t\t\t\t<\/span>\n\t\t<\/div>\n\t\t\t\t\t\t<\/div>\n\t\t\t\t<\/div>\n\t\t\t\t\t<\/div>\n\t\t\t\t<\/div>\n\t\t<div class=\"elementor-element elementor-element-5196df6 e-flex e-con-boxed e-con e-parent\" data-id=\"5196df6\" data-element_type=\"container\" data-e-type=\"container\">\n\t\t\t\t\t<div class=\"e-con-inner\">\n\t\t<div class=\"elementor-element elementor-element-2828b4f e-flex e-con-boxed e-con e-child\" data-id=\"2828b4f\" data-element_type=\"container\" data-e-type=\"container\">\n\t\t\t\t\t<div class=\"e-con-inner\">\n\t\t\t\t<div class=\"elementor-element elementor-element-a3fd43f elementor-widget elementor-widget-heading\" data-id=\"a3fd43f\" data-element_type=\"widget\" data-e-type=\"widget\" data-widget_type=\"heading.default\">\n\t\t\t\t<div class=\"elementor-widget-container\">\n\t\t\t\t\t<h2 class=\"elementor-heading-title elementor-size-default\">NOS ADRESSES:<\/h2>\t\t\t\t<\/div>\n\t\t\t\t<\/div>\n\t\t<div class=\"elementor-element elementor-element-25b5c3d e-flex e-con-boxed e-con e-child\" data-id=\"25b5c3d\" data-element_type=\"container\" data-e-type=\"container\">\n\t\t\t\t\t<div class=\"e-con-inner\">\n\t\t\t\t<div class=\"elementor-element elementor-element-705d094 elementor-widget elementor-widget-text-editor\" data-id=\"705d094\" data-element_type=\"widget\" data-e-type=\"widget\" data-widget_type=\"text-editor.default\">\n\t\t\t\t<div class=\"elementor-widget-container\">\n\t\t\t\t\t\t\t\t\t<p>France : 10 avenue Kl\u00e9ber 75116 Paris France<br \/>Tel +33.1 89 71 12 36<\/p>\t\t\t\t\t\t\t\t<\/div>\n\t\t\t\t<\/div>\n\t\t\t\t<div class=\"elementor-element elementor-element-d12975f elementor-widget elementor-widget-text-editor\" data-id=\"d12975f\" data-element_type=\"widget\" data-e-type=\"widget\" data-widget_type=\"text-editor.default\">\n\t\t\t\t<div class=\"elementor-widget-container\">\n\t\t\t\t\t\t\t\t\t<p>UK: Henwood Pavilion Ashford TN24 8DH<br \/>Tel +44.20.33.97.49.60<\/p>\t\t\t\t\t\t\t\t<\/div>\n\t\t\t\t<\/div>\n\t\t\t\t\t<\/div>\n\t\t\t\t<\/div>\n\t\t\t\t\t<\/div>\n\t\t\t\t<\/div>\n\t\t\t\t\t<\/div>\n\t\t\t\t<\/div>\n\t\t\t\t<\/div>","protected":false},"excerpt":{"rendered":"<p>Celeris Partners focuses on identifying and recruiting Risk Managers and Actuaries for the Financial Services Industry. We provide Risk experts from the junior to the C-suite level for Insurance Groups, Reinsurance Companies, Mutual Insurances, Bank Insurances, Consulting Firms, Pension Institutions and Brokers. At Celeris Partners we make sure to have a thorough knowledge of the conditions and demands of both our clients and candidates. We know that talents are a crucial key to achieve sustained growth and profitability for your &hellip; <a href=\"https:\/\/celeris-partners.com\/fr\/about-us\/\" class=\"more-link\">Continue reading<span class=\"screen-reader-text\"> &#8220;About Us&#8221;<\/span><\/a><\/p>","protected":false},"author":1,"featured_media":0,"parent":0,"menu_order":0,"comment_status":"closed","ping_status":"closed","template":"elementor_header_footer","meta":{"footnotes":""},"class_list":["post-17","page","type-page","status-publish","hentry"],"_links":{"self":[{"href":"https:\/\/celeris-partners.com\/fr\/wp-json\/wp\/v2\/pages\/17","targetHints":{"allow":["GET"]}}],"collection":[{"href":"https:\/\/celeris-partners.com\/fr\/wp-json\/wp\/v2\/pages"}],"about":[{"href":"https:\/\/celeris-partners.com\/fr\/wp-json\/wp\/v2\/types\/page"}],"author":[{"embeddable":true,"href":"https:\/\/celeris-partners.com\/fr\/wp-json\/wp\/v2\/users\/1"}],"replies":[{"embeddable":true,"href":"https:\/\/celeris-partners.com\/fr\/wp-json\/wp\/v2\/comments?post=17"}],"version-history":[{"count":232,"href":"https:\/\/celeris-partners.com\/fr\/wp-json\/wp\/v2\/pages\/17\/revisions"}],"predecessor-version":[{"id":1366,"href":"https:\/\/celeris-partners.com\/fr\/wp-json\/wp\/v2\/pages\/17\/revisions\/1366"}],"wp:attachment":[{"href":"https:\/\/celeris-partners.com\/fr\/wp-json\/wp\/v2\/media?parent=17"}],"curies":[{"name":"wp","href":"https:\/\/api.w.org\/{rel}","templated":true}]}}